{"id":8124,"date":"2021-05-04T07:49:41","date_gmt":"2021-05-04T07:49:41","guid":{"rendered":"https:\/\/clubnauticlarapita.com\/?page_id=8124"},"modified":"2022-04-04T11:20:01","modified_gmt":"2022-04-04T09:20:01","slug":"cruceros-2","status":"publish","type":"page","link":"https:\/\/clubnauticlarapita.com\/index.php\/cruceros-2\/","title":{"rendered":"Cruceros"},"content":{"rendered":"\t\t<div data-elementor-type=\"wp-page\" data-elementor-id=\"8124\" class=\"elementor elementor-8124\" data-elementor-settings=\"[]\">\n\t\t\t\t\t\t<div class=\"elementor-inner\">\n\t\t\t\t\t\t\t<div class=\"elementor-section-wrap\">\n\t\t\t\t\t\t\t<section class=\"elementor-section elementor-top-section elementor-element elementor-element-be44acc elementor-section-boxed elementor-section-height-default elementor-section-height-default\" data-id=\"be44acc\" data-element_type=\"section\" data-settings=\"{&quot;background_background&quot;:&quot;classic&quot;}\">\n\t\t\t\t\t\t\t<div class=\"elementor-background-overlay\"><\/div>\n\t\t\t\t\t\t\t<div class=\"elementor-container elementor-column-gap-default\">\n\t\t\t\t\t\t\t<div class=\"elementor-row\">\n\t\t\t\t\t<div class=\"elementor-column elementor-col-100 elementor-top-column elementor-element elementor-element-b1268cb\" data-id=\"b1268cb\" data-element_type=\"column\">\n\t\t\t<div class=\"elementor-column-wrap\">\n\t\t\t\t\t\t\t<div class=\"elementor-widget-wrap\">\n\t\t\t\t\t\t\t\t<\/div>\n\t\t\t\t\t<\/div>\n\t\t<\/div>\n\t\t\t\t\t\t\t\t<\/div>\n\t\t\t\t\t<\/div>\n\t\t<\/section>\n\t\t\t\t<section class=\"elementor-section elementor-top-section elementor-element elementor-element-c4ecf3a elementor-section-content-middle elementor-section-boxed elementor-section-height-default elementor-section-height-default\" data-id=\"c4ecf3a\" data-element_type=\"section\" data-settings=\"{&quot;shape_divider_top&quot;:&quot;mountains&quot;}\">\n\t\t\t\t\t<div class=\"elementor-shape elementor-shape-top\" data-negative=\"false\">\n\t\t\t<svg xmlns=\"http:\/\/www.w3.org\/2000\/svg\" viewBox=\"0 0 1000 100\" preserveAspectRatio=\"none\">\n\t<path class=\"elementor-shape-fill\" opacity=\"0.33\" d=\"M473,67.3c-203.9,88.3-263.1-34-320.3,0C66,119.1,0,59.7,0,59.7V0h1000v59.7 c0,0-62.1,26.1-94.9,29.3c-32.8,3.3-62.8-12.3-75.8-22.1C806,49.6,745.3,8.7,694.9,4.7S492.4,59,473,67.3z\"\/>\n\t<path class=\"elementor-shape-fill\" opacity=\"0.66\" d=\"M734,67.3c-45.5,0-77.2-23.2-129.1-39.1c-28.6-8.7-150.3-10.1-254,39.1 s-91.7-34.4-149.2,0C115.7,118.3,0,39.8,0,39.8V0h1000v36.5c0,0-28.2-18.5-92.1-18.5C810.2,18.1,775.7,67.3,734,67.3z\"\/>\n\t<path class=\"elementor-shape-fill\" d=\"M766.1,28.9c-200-57.5-266,65.5-395.1,19.5C242,1.8,242,5.4,184.8,20.6C128,35.8,132.3,44.9,89.9,52.5C28.6,63.7,0,0,0,0 h1000c0,0-9.9,40.9-83.6,48.1S829.6,47,766.1,28.9z\"\/>\n<\/svg>\t\t<\/div>\n\t\t\t\t\t<div class=\"elementor-container elementor-column-gap-no\">\n\t\t\t\t\t\t\t<div class=\"elementor-row\">\n\t\t\t\t\t<div class=\"elementor-column elementor-col-100 elementor-top-column elementor-element elementor-element-734245e\" data-id=\"734245e\" data-element_type=\"column\">\n\t\t\t<div class=\"elementor-column-wrap elementor-element-populated\">\n\t\t\t\t\t\t\t<div class=\"elementor-widget-wrap\">\n\t\t\t\t\t\t<div class=\"elementor-element elementor-element-2764c32 elementor-widget elementor-widget-heading\" data-id=\"2764c32\" data-element_type=\"widget\" data-widget_type=\"heading.default\">\n\t\t\t\t<div class=\"elementor-widget-container\">\n\t\t\t<h4 class=\"elementor-heading-title elementor-size-default\">Regatas de cruceros al Club N\u00e1utico Sant Carles de la R\u00e0pita.<\/h4>\t\t<\/div>\n\t\t\t\t<\/div>\n\t\t\t\t\t\t<\/div>\n\t\t\t\t\t<\/div>\n\t\t<\/div>\n\t\t\t\t\t\t\t\t<\/div>\n\t\t\t\t\t<\/div>\n\t\t<\/section>\n\t\t\t\t<section class=\"elementor-section elementor-top-section elementor-element elementor-element-1b04917 elementor-section-boxed elementor-section-height-default elementor-section-height-default\" data-id=\"1b04917\" data-element_type=\"section\">\n\t\t\t\t\t\t<div class=\"elementor-container elementor-column-gap-default\">\n\t\t\t\t\t\t\t<div class=\"elementor-row\">\n\t\t\t\t\t<div class=\"elementor-column elementor-col-100 elementor-top-column elementor-element elementor-element-b5f64ae\" data-id=\"b5f64ae\" data-element_type=\"column\">\n\t\t\t<div class=\"elementor-column-wrap elementor-element-populated\">\n\t\t\t\t\t\t\t<div class=\"elementor-widget-wrap\">\n\t\t\t\t\t\t<div class=\"elementor-element elementor-element-babfec2 elementor-view-default elementor-invisible elementor-widget elementor-widget-icon\" data-id=\"babfec2\" data-element_type=\"widget\" data-settings=\"{&quot;_animation&quot;:&quot;fadeIn&quot;}\" data-widget_type=\"icon.default\">\n\t\t\t\t<div class=\"elementor-widget-container\">\n\t\t\t\t\t<div class=\"elementor-icon-wrapper\">\n\t\t\t<div class=\"elementor-icon\">\n\t\t\t<i aria-hidden=\"true\" class=\"fas fa-anchor\"><\/i>\t\t\t<\/div>\n\t\t<\/div>\n\t\t\t\t<\/div>\n\t\t\t\t<\/div>\n\t\t\t\t\t\t<\/div>\n\t\t\t\t\t<\/div>\n\t\t<\/div>\n\t\t\t\t\t\t\t\t<\/div>\n\t\t\t\t\t<\/div>\n\t\t<\/section>\n\t\t\t\t<section class=\"elementor-section elementor-top-section elementor-element elementor-element-78330f8 elementor-section-boxed elementor-section-height-default elementor-section-height-default\" data-id=\"78330f8\" data-element_type=\"section\" data-settings=\"{&quot;background_background&quot;:&quot;classic&quot;}\">\n\t\t\t\t\t\t<div class=\"elementor-container elementor-column-gap-default\">\n\t\t\t\t\t\t\t<div class=\"elementor-row\">\n\t\t\t\t\t<div class=\"elementor-column elementor-col-100 elementor-top-column elementor-element elementor-element-03496da\" data-id=\"03496da\" data-element_type=\"column\">\n\t\t\t<div class=\"elementor-column-wrap elementor-element-populated\">\n\t\t\t\t\t\t\t<div class=\"elementor-widget-wrap\">\n\t\t\t\t\t\t<div class=\"elementor-element elementor-element-35eb092 elementor-widget elementor-widget-text-editor\" data-id=\"35eb092\" data-element_type=\"widget\" data-widget_type=\"text-editor.default\">\n\t\t\t\t<div class=\"elementor-widget-container\">\n\t\t\t\t\t\t\t\t<div class=\"elementor-text-editor elementor-clearfix\">\n\t\t\t\t<p><strong>Regatas de cruceros al Club N\u00e1utico la R\u00e0pita<\/strong><\/p>\n<p>El Club N\u00e1utico La R\u00e1pita siempre ha tenido una flota de cruceros de m\u00e1s o menos nombre.<\/p>\n<p>En los \u00faltimos ocho o nuevo a\u00f1os hemos participado en regatas de cruceros o regatas sociales del club, con m\u00e1s o menos \u00e9xito, que nacen de las ganas de navegar en flota y de un objetivo com\u00fan de disfrutar de la pasi\u00f3n de navegar a vela y de la competici\u00f3n.<\/p>\n<p>Actualmente vivimos una \u00e9poca dorada que re\u00fane una media de 15 veleros cada dos fines de semana. Nuestro calendario de regatas anuales es uno de los m\u00e1s densos que se pueden elaborar, con un \u00edndice de participaci\u00f3n muy alto.<\/p>\n<p>Nuestras regatas se desarrollan dentro de mismo de la bah\u00eda de los Alfacs. Delimitamos las boyas del campo de regatas de acuerdo con la fuerza y la direcci\u00f3n del viento. En caso de viento del sur, navegamos hacia la Punta de la ba\u00f1a, habiendo salido de la punta del muelle comercial; despu\u00e9s navegamos hacia la playa de las Delicias y hagamos todo el recorrido paralelo al paseo mar\u00edtimo, cerrando el tri\u00e1ngulo a la punta del muelle.<\/p>\n<p>Cuando el viento es de levante o de mistral, navegamos hacia el este de la bah\u00eda, habiendo salido tambi\u00e9n de la punta del muelle. Navegamos borde los viveros de moluscos busca de la boya \u201cEmisario\u201d que hay cerca del conocido centro de investigaci\u00f3n IRTA. Despu\u00e9s navegamos verso la boya que ponemos bien cerca de los pinos de la costa y cerramos el circuito a la punta del muelle comercial.<\/p>\n<p>Disponemos de otros muchos modelos de recorridos de regatas que usamos en funci\u00f3n de las condiciones meteorol\u00f3gicas y, principalmente, de la direcci\u00f3n del viento. Intentamos organizar regatas que duren sobre las dos horas con objeto de poder realizar una o dos vueltas al mismo recorrido.<\/p>\n<p>Hay que destacar el hecho de intentar que las regatas sean visibles desde la R\u00e0pita. Nos imaginamos un gran estadio, donde la bah\u00eda es la pista y la R\u00e0pita es la grada.<\/p>\n<p>Nuestra clasificaci\u00f3n recoge los datos de todas las regatas que hacemos durante el a\u00f1o. Tambi\u00e9n celebramos la cena de entrega de trofeos en el mes de junio coincidiendo con las fiestas mayores.<\/p>\t\t\t\t\t<\/div>\n\t\t\t\t\t\t<\/div>\n\t\t\t\t<\/div>\n\t\t\t\t\t\t<\/div>\n\t\t\t\t\t<\/div>\n\t\t<\/div>\n\t\t\t\t\t\t\t\t<\/div>\n\t\t\t\t\t<\/div>\n\t\t<\/section>\n\t\t\t\t<section class=\"elementor-section elementor-top-section elementor-element elementor-element-3533b4d elementor-section-boxed elementor-section-height-default elementor-section-height-default\" data-id=\"3533b4d\" data-element_type=\"section\">\n\t\t\t\t\t\t<div class=\"elementor-container elementor-column-gap-default\">\n\t\t\t\t\t\t\t<div class=\"elementor-row\">\n\t\t\t\t\t<div class=\"elementor-column elementor-col-100 elementor-top-column elementor-element elementor-element-30f5265\" data-id=\"30f5265\" data-element_type=\"column\">\n\t\t\t<div class=\"elementor-column-wrap elementor-element-populated\">\n\t\t\t\t\t\t\t<div class=\"elementor-widget-wrap\">\n\t\t\t\t\t\t<div class=\"elementor-element elementor-element-2c60e45 elementor-widget elementor-widget-image\" data-id=\"2c60e45\" data-element_type=\"widget\" data-settings=\"{&quot;motion_fx_motion_fx_scrolling&quot;:&quot;yes&quot;,&quot;motion_fx_translateX_effect&quot;:&quot;yes&quot;,&quot;motion_fx_translateX_speed&quot;:{&quot;unit&quot;:&quot;px&quot;,&quot;size&quot;:10,&quot;sizes&quot;:[]},&quot;motion_fx_range&quot;:&quot;page&quot;,&quot;motion_fx_translateX_affectedRange&quot;:{&quot;unit&quot;:&quot;%&quot;,&quot;size&quot;:&quot;&quot;,&quot;sizes&quot;:{&quot;start&quot;:0,&quot;end&quot;:100}},&quot;motion_fx_devices&quot;:[&quot;desktop&quot;,&quot;tablet&quot;,&quot;mobile&quot;]}\" data-widget_type=\"image.default\">\n\t\t\t\t<div class=\"elementor-widget-container\">\n\t\t\t\t\t\t\t\t<div class=\"elementor-image\">\n\t\t\t\t\t\t\t\t\t\t\t\t<img width=\"595\" height=\"595\" src=\"https:\/\/clubnauticlarapita.com\/wp-content\/uploads\/2021\/05\/Icon-boat.png\" class=\"attachment-large size-large\" alt=\"\" loading=\"lazy\" srcset=\"https:\/\/clubnauticlarapita.com\/wp-content\/uploads\/2021\/05\/Icon-boat.png 595w, https:\/\/clubnauticlarapita.com\/wp-content\/uploads\/2021\/05\/Icon-boat-300x300.png 300w, https:\/\/clubnauticlarapita.com\/wp-content\/uploads\/2021\/05\/Icon-boat-150x150.png 150w, https:\/\/clubnauticlarapita.com\/wp-content\/uploads\/2021\/05\/Icon-boat-320x320.png 320w, https:\/\/clubnauticlarapita.com\/wp-content\/uploads\/2021\/05\/Icon-boat-16x16.png 16w\" sizes=\"(max-width: 595px) 100vw, 595px\" \/>\t\t\t\t\t\t\t\t\t\t\t\t\t\t<\/div>\n\t\t\t\t\t\t<\/div>\n\t\t\t\t<\/div>\n\t\t\t\t\t\t<\/div>\n\t\t\t\t\t<\/div>\n\t\t<\/div>\n\t\t\t\t\t\t\t\t<\/div>\n\t\t\t\t\t<\/div>\n\t\t<\/section>\n\t\t\t\t<section class=\"elementor-section elementor-top-section elementor-element elementor-element-217bcbd elementor-section-boxed elementor-section-height-default elementor-section-height-default\" data-id=\"217bcbd\" data-element_type=\"section\">\n\t\t\t\t\t\t<div class=\"elementor-container elementor-column-gap-default\">\n\t\t\t\t\t\t\t<div class=\"elementor-row\">\n\t\t\t\t\t<div class=\"elementor-column elementor-col-100 elementor-top-column elementor-element elementor-element-cc6ed93\" data-id=\"cc6ed93\" data-element_type=\"column\" data-settings=\"{&quot;background_background&quot;:&quot;classic&quot;}\">\n\t\t\t<div class=\"elementor-column-wrap elementor-element-populated\">\n\t\t\t\t\t\t\t<div class=\"elementor-widget-wrap\">\n\t\t\t\t\t\t<div class=\"elementor-element elementor-element-da7555a elementor-widget elementor-widget-spacer\" data-id=\"da7555a\" data-element_type=\"widget\" data-widget_type=\"spacer.default\">\n\t\t\t\t<div class=\"elementor-widget-container\">\n\t\t\t\t\t<div class=\"elementor-spacer\">\n\t\t\t<div class=\"elementor-spacer-inner\"><\/div>\n\t\t<\/div>\n\t\t\t\t<\/div>\n\t\t\t\t<\/div>\n\t\t\t\t\t\t<\/div>\n\t\t\t\t\t<\/div>\n\t\t<\/div>\n\t\t\t\t\t\t\t\t<\/div>\n\t\t\t\t\t<\/div>\n\t\t<\/section>\n\t\t\t\t\t\t<\/div>\n\t\t\t\t\t\t<\/div>\n\t\t\t\t\t<\/div>\n\t\t","protected":false},"excerpt":{"rendered":"<p>Regatas de cruceros al Club N\u00e1utico Sant Carles de la R\u00e0pita. Regatas de cruceros al Club N\u00e1utico la R\u00e0pita El Club N\u00e1utico La R\u00e1pita siempre ha tenido una flota de cruceros de m\u00e1s o menos nombre. En los \u00faltimos ocho o nuevo a\u00f1os hemos participado en regatas de cruceros o regatas sociales del club, con &#8230; <a title=\"Cruceros\" class=\"read-more\" href=\"https:\/\/clubnauticlarapita.com\/index.php\/cruceros-2\/\" aria-label=\"M\u00e1s en Cruceros\">Leer m\u00e1s<\/a><\/p>\n","protected":false},"author":6,"featured_media":0,"parent":0,"menu_order":0,"comment_status":"closed","ping_status":"closed","template":"elementor_header_footer","meta":[],"_links":{"self":[{"href":"https:\/\/clubnauticlarapita.com\/index.php\/wp-json\/wp\/v2\/pages\/8124"}],"collection":[{"href":"https:\/\/clubnauticlarapita.com\/index.php\/wp-json\/wp\/v2\/pages"}],"about":[{"href":"https:\/\/clubnauticlarapita.com\/index.php\/wp-json\/wp\/v2\/types\/page"}],"author":[{"embeddable":true,"href":"https:\/\/clubnauticlarapita.com\/index.php\/wp-json\/wp\/v2\/users\/6"}],"replies":[{"embeddable":true,"href":"https:\/\/clubnauticlarapita.com\/index.php\/wp-json\/wp\/v2\/comments?post=8124"}],"version-history":[{"count":25,"href":"https:\/\/clubnauticlarapita.com\/index.php\/wp-json\/wp\/v2\/pages\/8124\/revisions"}],"predecessor-version":[{"id":8695,"href":"https:\/\/clubnauticlarapita.com\/index.php\/wp-json\/wp\/v2\/pages\/8124\/revisions\/8695"}],"wp:attachment":[{"href":"https:\/\/clubnauticlarapita.com\/index.php\/wp-json\/wp\/v2\/media?parent=8124"}],"curies":[{"name":"wp","href":"https:\/\/api.w.org\/{rel}","templated":true}]}}